{"id":878,"date":"2023-08-03T13:42:06","date_gmt":"2023-08-03T12:42:06","guid":{"rendered":"https:\/\/viiafood.pt\/termos-condicoes\/"},"modified":"2023-11-14T11:58:39","modified_gmt":"2023-11-14T10:58:39","slug":"terms-of-service","status":"publish","type":"page","link":"https:\/\/viiafood.pt\/en\/terms-of-service\/","title":{"rendered":"Terms of Service"},"content":{"rendered":"\r\n<p><strong>Terms<\/strong><\/p>\r\n\r\n\r\n\r\n<p>By accessing this Website, accessible from <a href=\"https:\/\/www.viiafood.pt\/en\/\">https:\/\/www.viiafood.pt\/en\/<\/a>, you agree to be bound by these Website Terms of Service and agree that you are responsible for the agreement with any applicable local laws.<\/p>\r\n\r\n\r\n\r\n<p>If you disagree with any of these terms, you are prohibited from accessing this site.<\/p>\r\n\r\n\r\n\r\n<p>The materials contained in this Website that were uploaded by VIIAFOOD and by each company are protected by copyright and trademark law.<\/p>\r\n\r\n\r\n\r\n<p><strong>Use License<\/strong><\/p>\r\n\r\n\r\n\r\n<p>Permission is granted to temporarily download one copy of the materials on VIIAFOOD\u2019s Website for personal, non-commercial transitory viewing only. This is the grant of a license, not a transfer of title, and under this license you may not:<\/p>\r\n\r\n\r\n\r\n<p>modify or copy the materials;<\/p>\r\n\r\n\r\n\r\n<p>use the materials for any commercial purpose or for any public display;<\/p>\r\n\r\n\r\n\r\n<p>attempt to reverse engineer any software contained on VIIAFOOD\u2019s Website;<\/p>\r\n\r\n\r\n\r\n<p>remove any copyright or other proprietary notations from the materials; or<\/p>\r\n\r\n\r\n\r\n<p>transferring the materials to another person or \u201cmirror\u201d the materials on any other server.<\/p>\r\n\r\n\r\n\r\n<p>This will let VIIAFOOD to terminate upon violations of any of these restrictions. Upon termination, your viewing right will also be terminated and you should destroy any downloaded materials in your possession whether it is printed or electronic format.<\/p>\r\n\r\n\r\n\r\n<p><strong>Disclaimer<\/strong><\/p>\r\n\r\n\r\n\r\n<p>All the materials on VIIAFOOD\u2019s Website are provided \u201cas is\u201d. VIIAFOOD makes no warranties, may it be expressed or implied, therefore negates all other warranties. Furthermore, VIIAFOOD does not make any representations concerning the accuracy or reliability of the use of the materials on its Website or otherwise relating to such materials or any sites linked to this Website.<\/p>\r\n\r\n\r\n\r\n<p>The information and images regarding each company were provided by each company and VIIAFOOD is not responsible for that content. Companies are responsible for providing accurate information.<\/p>\r\n","protected":false},"excerpt":{"rendered":"<p>Terms By accessing this Website, accessible from https:\/\/www.viiafood.pt\/en\/, you agree to be bound by these Website Terms of Service and agree that you are responsible for the agreement with any&#8230;<\/p>\n","protected":false},"author":1,"featured_media":0,"parent":0,"menu_order":0,"comment_status":"closed","ping_status":"open","template":"","meta":{"footnotes":""},"yoast_head":"<!-- This site is optimized with the Yoast SEO plugin v21.4 - https:\/\/yoast.com\/wordpress\/plugins\/seo\/ -->\n<title>Terms of Service - VIIAFOOD<\/title>\n<meta name=\"description\" content=\"Conhe\u00e7a os Termos &amp; Condi\u00e7\u00f5es para a utiliza\u00e7\u00e3o e acesso aos conte\u00fados presentes no website VIIAFOOD.\" \/>\n<meta name=\"robots\" content=\"index, follow, max-snippet:-1, max-image-preview:large, max-video-preview:-1\" \/>\n<link rel=\"canonical\" href=\"https:\/\/viiafood.pt\/en\/terms-of-service\/\" \/>\n<meta property=\"og:locale\" content=\"en_US\" \/>\n<meta property=\"og:type\" content=\"article\" \/>\n<meta property=\"og:title\" content=\"Terms of Service - VIIAFOOD\" \/>\n<meta property=\"og:description\" content=\"Conhe\u00e7a os Termos &amp; Condi\u00e7\u00f5es para a utiliza\u00e7\u00e3o e acesso aos conte\u00fados presentes no website VIIAFOOD.\" \/>\n<meta property=\"og:url\" content=\"https:\/\/viiafood.pt\/en\/terms-of-service\/\" \/>\n<meta property=\"og:site_name\" content=\"VIIAFOOD\" \/>\n<meta property=\"article:publisher\" content=\"https:\/\/www.facebook.com\/viiafood\/\" \/>\n<meta property=\"article:modified_time\" content=\"2023-11-14T10:58:39+00:00\" \/>\n<meta property=\"og:image\" content=\"https:\/\/viiafood.pt\/wp-content\/uploads\/2023\/10\/viiafood-website-1.png\" \/>\n\t<meta property=\"og:image:width\" content=\"1200\" \/>\n\t<meta property=\"og:image:height\" content=\"630\" \/>\n\t<meta property=\"og:image:type\" content=\"image\/png\" \/>\n<meta name=\"twitter:card\" content=\"summary_large_image\" \/>\n<meta name=\"twitter:label1\" content=\"Est. reading time\" \/>\n\t<meta name=\"twitter:data1\" content=\"2 minutes\" \/>\n<script type=\"application\/ld+json\" class=\"yoast-schema-graph\">{\"@context\":\"https:\/\/schema.org\",\"@graph\":[{\"@type\":\"WebPage\",\"@id\":\"https:\/\/viiafood.pt\/en\/terms-of-service\/\",\"url\":\"https:\/\/viiafood.pt\/en\/terms-of-service\/\",\"name\":\"Terms of Service - VIIAFOOD\",\"isPartOf\":{\"@id\":\"https:\/\/viiafood.pt\/en\/#website\"},\"datePublished\":\"2023-08-03T12:42:06+00:00\",\"dateModified\":\"2023-11-14T10:58:39+00:00\",\"description\":\"Conhe\u00e7a os Termos & Condi\u00e7\u00f5es para a utiliza\u00e7\u00e3o e acesso aos conte\u00fados presentes no website VIIAFOOD.\",\"breadcrumb\":{\"@id\":\"https:\/\/viiafood.pt\/en\/terms-of-service\/#breadcrumb\"},\"inLanguage\":\"en-US\",\"potentialAction\":[{\"@type\":\"ReadAction\",\"target\":[\"https:\/\/viiafood.pt\/en\/terms-of-service\/\"]}]},{\"@type\":\"BreadcrumbList\",\"@id\":\"https:\/\/viiafood.pt\/en\/terms-of-service\/#breadcrumb\",\"itemListElement\":[{\"@type\":\"ListItem\",\"position\":1,\"name\":\"In\u00edcio\",\"item\":\"https:\/\/viiafood.pt\/en\/\"},{\"@type\":\"ListItem\",\"position\":2,\"name\":\"Terms of Service\"}]},{\"@type\":\"WebSite\",\"@id\":\"https:\/\/viiafood.pt\/en\/#website\",\"url\":\"https:\/\/viiafood.pt\/en\/\",\"name\":\"VIIAFOOD\",\"description\":\"Agenda Mobilizadora do Setor Agroalimentar\",\"publisher\":{\"@id\":\"https:\/\/viiafood.pt\/en\/#organization\"},\"potentialAction\":[{\"@type\":\"SearchAction\",\"target\":{\"@type\":\"EntryPoint\",\"urlTemplate\":\"https:\/\/viiafood.pt\/en\/?s={search_term_string}\"},\"query-input\":\"required name=search_term_string\"}],\"inLanguage\":\"en-US\"},{\"@type\":\"Organization\",\"@id\":\"https:\/\/viiafood.pt\/en\/#organization\",\"name\":\"VIIAFOOD\",\"url\":\"https:\/\/viiafood.pt\/en\/\",\"logo\":{\"@type\":\"ImageObject\",\"inLanguage\":\"en-US\",\"@id\":\"https:\/\/viiafood.pt\/en\/#\/schema\/logo\/image\/\",\"url\":\"https:\/\/viiafood.pt\/wp-content\/uploads\/2023\/08\/logo-consorcio.jpg\",\"contentUrl\":\"https:\/\/viiafood.pt\/wp-content\/uploads\/2023\/08\/logo-consorcio.jpg\",\"width\":500,\"height\":500,\"caption\":\"VIIAFOOD\"},\"image\":{\"@id\":\"https:\/\/viiafood.pt\/en\/#\/schema\/logo\/image\/\"},\"sameAs\":[\"https:\/\/www.facebook.com\/viiafood\/\",\"https:\/\/www.linkedin.com\/company\/viiafood\/\",\"https:\/\/www.instagram.com\/viiafood\/\"]}]}<\/script>\n<!-- \/ Yoast SEO plugin. -->","yoast_head_json":{"title":"Terms of Service - VIIAFOOD","description":"Conhe\u00e7a os Termos & Condi\u00e7\u00f5es para a utiliza\u00e7\u00e3o e acesso aos conte\u00fados presentes no website VIIAFOOD.","robots":{"index":"index","follow":"follow","max-snippet":"max-snippet:-1","max-image-preview":"max-image-preview:large","max-video-preview":"max-video-preview:-1"},"canonical":"https:\/\/viiafood.pt\/en\/terms-of-service\/","og_locale":"en_US","og_type":"article","og_title":"Terms of Service - VIIAFOOD","og_description":"Conhe\u00e7a os Termos & Condi\u00e7\u00f5es para a utiliza\u00e7\u00e3o e acesso aos conte\u00fados presentes no website VIIAFOOD.","og_url":"https:\/\/viiafood.pt\/en\/terms-of-service\/","og_site_name":"VIIAFOOD","article_publisher":"https:\/\/www.facebook.com\/viiafood\/","article_modified_time":"2023-11-14T10:58:39+00:00","og_image":[{"width":1200,"height":630,"url":"https:\/\/viiafood.pt\/wp-content\/uploads\/2023\/10\/viiafood-website-1.png","type":"image\/png"}],"twitter_card":"summary_large_image","twitter_misc":{"Est. reading time":"2 minutes"},"schema":{"@context":"https:\/\/schema.org","@graph":[{"@type":"WebPage","@id":"https:\/\/viiafood.pt\/en\/terms-of-service\/","url":"https:\/\/viiafood.pt\/en\/terms-of-service\/","name":"Terms of Service - VIIAFOOD","isPartOf":{"@id":"https:\/\/viiafood.pt\/en\/#website"},"datePublished":"2023-08-03T12:42:06+00:00","dateModified":"2023-11-14T10:58:39+00:00","description":"Conhe\u00e7a os Termos & Condi\u00e7\u00f5es para a utiliza\u00e7\u00e3o e acesso aos conte\u00fados presentes no website VIIAFOOD.","breadcrumb":{"@id":"https:\/\/viiafood.pt\/en\/terms-of-service\/#breadcrumb"},"inLanguage":"en-US","potentialAction":[{"@type":"ReadAction","target":["https:\/\/viiafood.pt\/en\/terms-of-service\/"]}]},{"@type":"BreadcrumbList","@id":"https:\/\/viiafood.pt\/en\/terms-of-service\/#breadcrumb","itemListElement":[{"@type":"ListItem","position":1,"name":"In\u00edcio","item":"https:\/\/viiafood.pt\/en\/"},{"@type":"ListItem","position":2,"name":"Terms of Service"}]},{"@type":"WebSite","@id":"https:\/\/viiafood.pt\/en\/#website","url":"https:\/\/viiafood.pt\/en\/","name":"VIIAFOOD","description":"Agenda Mobilizadora do Setor Agroalimentar","publisher":{"@id":"https:\/\/viiafood.pt\/en\/#organization"},"potentialAction":[{"@type":"SearchAction","target":{"@type":"EntryPoint","urlTemplate":"https:\/\/viiafood.pt\/en\/?s={search_term_string}"},"query-input":"required name=search_term_string"}],"inLanguage":"en-US"},{"@type":"Organization","@id":"https:\/\/viiafood.pt\/en\/#organization","name":"VIIAFOOD","url":"https:\/\/viiafood.pt\/en\/","logo":{"@type":"ImageObject","inLanguage":"en-US","@id":"https:\/\/viiafood.pt\/en\/#\/schema\/logo\/image\/","url":"https:\/\/viiafood.pt\/wp-content\/uploads\/2023\/08\/logo-consorcio.jpg","contentUrl":"https:\/\/viiafood.pt\/wp-content\/uploads\/2023\/08\/logo-consorcio.jpg","width":500,"height":500,"caption":"VIIAFOOD"},"image":{"@id":"https:\/\/viiafood.pt\/en\/#\/schema\/logo\/image\/"},"sameAs":["https:\/\/www.facebook.com\/viiafood\/","https:\/\/www.linkedin.com\/company\/viiafood\/","https:\/\/www.instagram.com\/viiafood\/"]}]}},"_links":{"self":[{"href":"https:\/\/viiafood.pt\/en\/wp-json\/wp\/v2\/pages\/878"}],"collection":[{"href":"https:\/\/viiafood.pt\/en\/wp-json\/wp\/v2\/pages"}],"about":[{"href":"https:\/\/viiafood.pt\/en\/wp-json\/wp\/v2\/types\/page"}],"author":[{"embeddable":true,"href":"https:\/\/viiafood.pt\/en\/wp-json\/wp\/v2\/users\/1"}],"replies":[{"embeddable":true,"href":"https:\/\/viiafood.pt\/en\/wp-json\/wp\/v2\/comments?post=878"}],"version-history":[{"count":10,"href":"https:\/\/viiafood.pt\/en\/wp-json\/wp\/v2\/pages\/878\/revisions"}],"predecessor-version":[{"id":1042,"href":"https:\/\/viiafood.pt\/en\/wp-json\/wp\/v2\/pages\/878\/revisions\/1042"}],"wp:attachment":[{"href":"https:\/\/viiafood.pt\/en\/wp-json\/wp\/v2\/media?parent=878"}],"curies":[{"name":"wp","href":"https:\/\/api.w.org\/{rel}","templated":true}]}}